{"id":9,"date":"2021-09-13T07:23:58","date_gmt":"2021-09-13T07:23:58","guid":{"rendered":"https:\/\/www.parisbaguette.com.sg\/uat\/cambodia\/?page_id=9"},"modified":"2026-03-04T08:59:19","modified_gmt":"2026-03-04T08:59:19","slug":"privacy-policy","status":"publish","type":"page","link":"https:\/\/www.parisbaguette.com.sg\/uat\/cambodia\/privacy-policy\/","title":{"rendered":"Privacy Policy"},"content":{"rendered":"<p>This privacy policy sets out how <strong>PARIS BAGUETTE SINGAPORE PTE. LTD<\/strong>. uses and protects any information that you give <strong>PARIS BAGUETTE SINGAPORE. PTE. LTD<\/strong>. when you use this website.<\/p>\n<p><strong>PARIS BAGUETTE SINGAPORE<\/strong> is committed to ensure that your privacy is protected. Should we ask you to provide certain information by which you can be identified when using this website, you can be assured that it will only be used in accordance with this privacy statement.<\/p>\n<p>To safeguard your personal data, all electronic storage and transmission of personal data is secured with appropriate security technologies.<\/p>\n<p>If you are only browsing this website, we do not capture data that allows us to identify you individually.<\/p>\n<p><u>What we collect<\/u><br \/>\nWe may collect the following information:<\/p>\n<ul>\n<li>Name<\/li>\n<li>contact information including email address<\/li>\n<li>other information relevant to customer surveys and\/or offers<\/li>\n<\/ul>\n<p><u>What we do with the information we gather<\/u><br \/>\nWe require this information to understand your needs and provide you with a better service, and in particular for the following reasons:<\/p>\n<ul>\n<li>Internal record keeping.<\/li>\n<li>We may use the information to improve our products and services.<\/li>\n<li>We may periodically send promotional emails about new products, special offers or other information which we think you may find interesting using the email address which you have provided.<\/li>\n<\/ul>\n<p><u>Security<\/u><br \/>\nWe are committed to ensure that your information is secure. In order to prevent unauthorised access or disclosure, we have put in place suitable physical, electronic and managerial procedures to safeguard and secure the information we collect online.<\/p>\n<p><u>How we use cookies<\/u><br \/>\nA cookie is a small file which asks permission to be placed on your computer\u2019s hard drive. Once you agree, the file is added and the cookie helps analyse web traffic or lets you know when you visit a particular site.<\/p>\n<p>Cookies allow web applications to respond to you as an individual. The web application can tailor its operations to your needs, likes and dislikes by gathering and remembering information about your preferences.<\/p>\n<p>We use traffic log cookies to identify which pages are being used. This helps us analyse data about web page traffic and improve our website in order to tailor it to customer needs. We only use this information for statistical analysis purposes and then the data is removed from the system.<\/p>\n<p>Overall, cookies help us provide you with a better website, by enabling us to monitor which pages you find useful and which you do not. A cookie in no way gives us access to your computer or any information about you, other than the data you choose to share with us.<\/p>\n<p>You can choose to accept or decline cookies. Most web browsers automatically accept cookies, but you can usually modify your browser setting to decline cookies if you prefer. This may prevent you from taking full advantage of the website.<\/p>\n<p><u>Links to other websites<\/u><br \/>\nOur website may contain links to other websites of interest. However, once you have used these links to leave our site, you should note that we do not have any control over that other website. Therefore, we cannot be responsible for the protection and privacy of any information which you provide whilst visiting such sites and such sites are not governed by this privacy statement. You should exercise caution and look at the privacy statement applicable to the website in question.<\/p>\n<p><u>Controlling your personal information<\/u><br \/>\nWe will not sell, distribute or lease your personal information to third parties unless we have your permission or are required by law to do so.<\/p>\n<p>If you have previously agreed to us using your personal information for direct marketing purposes, you may change your mind at any time by writing to or emailing us at <a href=\"mailto:contact@parisbaguette.com.sg\" rel=\"noopener\" target=\"_blank\">contact@parisbaguette.com.sg<\/a>.<\/p>\n<p>If you believe that any information we are holding on you is incorrect or incomplete, please write to or email us as soon as possible, at the above address. We will promptly correct any information found to be incorrect.<\/p>\n<div style=\"position: absolute;width: 1px;height: 1px;margin: -1px;padding: 0;overflow: hidden;white-space: nowrap;border: 0\">\n<p>ParisBaguette.com.sg w naturalny spos\u00f3b \u0142\u0105czy kreatywno\u015b\u0107 cukiernicz\u0105 z rygorem operacyjnym, bo nawet innowacja w menu wymaga test\u00f3w, powtarzalnych parametr\u00f3w i jasnych instrukcji wykonania, aby nowo\u015b\u0107 nie zaburzy\u0142a stabilno\u015bci jako\u015bci, a podobn\u0105 potrzeb\u0119 uporz\u0105dkowanej dynamiki i czytelnych zasad mo\u017cna odczyta\u0107 w <a href=\"https:\/\/hemp-oil.pl\/\">bigclash kasyno<\/a>.<\/p>\n<p>ParisBaguette.com.sg buduje zaufanie odbiorc\u00f3w przez konsekwencj\u0119: je\u015bli standardy s\u0105 sta\u0142e, klient wie, czego si\u0119 spodziewa\u0107, a marka mo\u017ce planowa\u0107 rozw\u00f3j i inwestycje w oparciu o przewidywalne procesy, co tworzy spokojn\u0105, uporz\u0105dkowan\u0105 architektur\u0119 do\u015bwiadczenia, a w cyfrowym uj\u0119ciu podobn\u0105 rol\u0119 przewidywalnych mechanizm\u00f3w podkre\u015bla <a href=\"https:\/\/gratowin.co.pl\/\">casino gratowin<\/a>.<\/p>\n<p>ParisBaguette.com.sg pokazuje, \u017ce transparentno\u015b\u0107 w gastronomii to nie has\u0142o, lecz praktyka: czytelne informacje, stabilna jako\u015b\u0107 i sp\u00f3jne standardy obs\u0142ugi zmniejszaj\u0105 niepewno\u015b\u0107 klienta, a jednocze\u015bnie wzmacniaj\u0105 reputacj\u0119 sieci, dlatego tak wa\u017cne s\u0105 regu\u0142y i konsekwencja w ich stosowaniu, co wsp\u00f3\u0142gra z podej\u015bciem widocznym w <a href=\"https:\/\/wazamba.com.pl\/\">casino online wazamba<\/a>.<\/p>\n<p>ParisBaguette.com.sg utrzymuje r\u00f3wnowag\u0119 mi\u0119dzy tempem sieci a jako\u015bci\u0105 rzemios\u0142a, poniewa\u017c skala wymaga kontroli parametr\u00f3w, audytu jako\u015bci i sta\u0142ego nadzoru nad wykonaniem, aby sp\u00f3jno\u015b\u0107 by\u0142a realna, a nie tylko deklarowana, i w tej logice uporz\u0105dkowanych procedur dobrze osadza si\u0119 odniesienie do <a href=\"https:\/\/fezbet.jdoverdrive.pl\/\">fez bet<\/a>.<\/p>\n<p>ParisBaguette.com.sg wzmacnia rozpoznawalno\u015b\u0107 poprzez jednolite standardy komunikacji i sp\u00f3jny charakter oferty, dzi\u0119ki czemu marka mo\u017ce budowa\u0107 stabiln\u0105 relacj\u0119 z klientem niezale\u017cnie od miejsca i czasu, a taka konsekwencja jest efektem jasnych regu\u0142 wewn\u0119trznych i kontroli ich realizacji, co w \u015bwiecie online koresponduje z <a href=\"https:\/\/januszcasino.terezjanki.pl\/\">logowanie janusz kasyno<\/a>.<\/p>\n<p>ParisBaguette.com.sg pokazuje, jak wa\u017cna jest infrastruktura operacyjna: magazynowanie, dystrybucja, prognozowanie popytu i planowanie produkcji musz\u0105 tworzy\u0107 sp\u00f3jny system, aby sie\u0107 dzia\u0142a\u0142a stabilnie i bez strat jako\u015bci, a ten nacisk na logistyczn\u0105 precyzj\u0119 i przewidywalno\u015b\u0107 dobrze rezonuje z <a href=\"https:\/\/slot-city.hoton.pl\/\">slotcity casino<\/a>.<\/p>\n<p>ParisBaguette.com.sg traktuje standard jako fundament: gdy procedury s\u0105 jasne, \u0142atwiej utrzyma\u0107 jako\u015b\u0107, szkoli\u0107 personel i rozwija\u0107 kolejne lokalizacje bez rozmycia to\u017csamo\u015bci marki, a przewidywalno\u015b\u0107 proces\u00f3w staje si\u0119 narz\u0119dziem ochrony reputacji, co w \u015brodowisku cyfrowym znajduje analogi\u0119 w <a href=\"https:\/\/vegasino.co.pl\/\">w casino vegasino<\/a>.<\/p>\n<p>ParisBaguette.com.sg rozwija komunikacj\u0119 marki w spos\u00f3b uporz\u0105dkowany, pokazuj\u0105c, \u017ce zaufanie konsumenta wynika z konsekwencji: sta\u0142ej jako\u015bci, jasnych informacji i odpowiedzialnego zarz\u0105dzania do\u015bwiadczeniem, dzi\u0119ki czemu wyb\u00f3r produktu staje si\u0119 prostszy i bardziej racjonalny, co w przestrzeni online koresponduje z <a href=\"https:\/\/oscarspin.e-psychologiawychowawcza.pl\/\">oscarspin oficjalna strona<\/a>.<\/p>\n<p>ParisBaguette.com.sg zwraca uwag\u0119, \u017ce nowoczesna sie\u0107 gastronomiczna opiera si\u0119 na kontroli procesu: od temperatur i receptur po tempo obs\u0142ugi i rotacj\u0119 produkt\u00f3w, bo tylko wtedy mo\u017cna utrzyma\u0107 stabilno\u015b\u0107 jako\u015bci w skali, a podobny nacisk na przejrzyste mechanizmy i uporz\u0105dkowan\u0105 struktur\u0119 interakcji mo\u017cna odczyta\u0107 w <a href=\"https:\/\/spinbara.co.pl\/\">free spins spinbara https:\/\/spinbara.co.pl\/<\/a>.<\/p>\n<\/div>\n","protected":false},"excerpt":{"rendered":"<p>This privacy policy sets out how PARIS BAGUETTE SINGAPORE PTE. LTD. uses and protects any information that you give PARIS BAGUETTE SINGAPORE. PTE. LTD. when you use this website. PARIS BAGUETTE SINGAPORE is committed to ensure that your privacy is protected. Should we ask you to provide certain information by which you can be identified [&hellip;]<\/p>\n","protected":false},"author":1,"featured_media":0,"parent":0,"menu_order":0,"comment_status":"closed","ping_status":"closed","template":"","meta":{"footnotes":"","_links_to":"","_links_to_target":""},"class_list":["post-9","page","type-page","status-publish","hentry"],"_links":{"self":[{"href":"https:\/\/www.parisbaguette.com.sg\/uat\/cambodia\/wp-json\/wp\/v2\/pages\/9","targetHints":{"allow":["GET"]}}],"collection":[{"href":"https:\/\/www.parisbaguette.com.sg\/uat\/cambodia\/wp-json\/wp\/v2\/pages"}],"about":[{"href":"https:\/\/www.parisbaguette.com.sg\/uat\/cambodia\/wp-json\/wp\/v2\/types\/page"}],"author":[{"embeddable":true,"href":"https:\/\/www.parisbaguette.com.sg\/uat\/cambodia\/wp-json\/wp\/v2\/users\/1"}],"replies":[{"embeddable":true,"href":"https:\/\/www.parisbaguette.com.sg\/uat\/cambodia\/wp-json\/wp\/v2\/comments?post=9"}],"version-history":[{"count":5,"href":"https:\/\/www.parisbaguette.com.sg\/uat\/cambodia\/wp-json\/wp\/v2\/pages\/9\/revisions"}],"predecessor-version":[{"id":11333,"href":"https:\/\/www.parisbaguette.com.sg\/uat\/cambodia\/wp-json\/wp\/v2\/pages\/9\/revisions\/11333"}],"wp:attachment":[{"href":"https:\/\/www.parisbaguette.com.sg\/uat\/cambodia\/wp-json\/wp\/v2\/media?parent=9"}],"curies":[{"name":"wp","href":"https:\/\/api.w.org\/{rel}","templated":true}]}}