{"id":2507,"date":"2022-07-14T01:41:59","date_gmt":"2022-07-14T01:41:59","guid":{"rendered":"https:\/\/www.parisbaguette.com.sg\/uat\/vietnams\/?post_type=product&#038;p=2507"},"modified":"2024-02-15T08:47:56","modified_gmt":"2024-02-15T08:47:56","slug":"mr-bear-madeleine-imp","status":"publish","type":"product","link":"https:\/\/www.parisbaguette.com.sg\/uat\/vietnams\/blog\/product\/mr-bear-madeleine-imp\/","title":{"rendered":"Mr.Bear Madeleine"},"content":{"rendered":"<p>B\u00e1nh G\u1ea5u \u0110en S\u00e0nh \u0110i\u1ec7u<\/p>\n","protected":false},"featured_media":3081,"template":"","meta":{"_links_to":"","_links_to_target":""},"products_category":[19],"class_list":["post-2507","product","type-product","status-publish","has-post-thumbnail","hentry","products_category-gifts"],"_links":{"self":[{"href":"https:\/\/www.parisbaguette.com.sg\/uat\/vietnams\/wp-json\/wp\/v2\/product\/2507","targetHints":{"allow":["GET"]}}],"collection":[{"href":"https:\/\/www.parisbaguette.com.sg\/uat\/vietnams\/wp-json\/wp\/v2\/product"}],"about":[{"href":"https:\/\/www.parisbaguette.com.sg\/uat\/vietnams\/wp-json\/wp\/v2\/types\/product"}],"wp:featuredmedia":[{"embeddable":true,"href":"https:\/\/www.parisbaguette.com.sg\/uat\/vietnams\/wp-json\/wp\/v2\/media\/3081"}],"wp:attachment":[{"href":"https:\/\/www.parisbaguette.com.sg\/uat\/vietnams\/wp-json\/wp\/v2\/media?parent=2507"}],"wp:term":[{"taxonomy":"products_category","embeddable":true,"href":"https:\/\/www.parisbaguette.com.sg\/uat\/vietnams\/wp-json\/wp\/v2\/products_category?post=2507"}],"curies":[{"name":"wp","href":"https:\/\/api.w.org\/{rel}","templated":true}]}}