{"id":2560,"date":"2022-07-14T02:38:29","date_gmt":"2022-07-14T02:38:29","guid":{"rendered":"https:\/\/www.parisbaguette.com.sg\/uat\/vietnams\/?post_type=product&#038;p=2560"},"modified":"2024-02-15T10:11:47","modified_gmt":"2024-02-15T10:11:47","slug":"cafe-latte-2","status":"publish","type":"product","link":"https:\/\/www.parisbaguette.com.sg\/uat\/vietnams\/blog\/product\/cafe-latte-2\/","title":{"rendered":"Cafe Latte"},"content":{"rendered":"<p>C\u00e0 ph\u00ea Latte (\u0110\u00e1)<\/p>\n","protected":false},"featured_media":3139,"template":"","meta":{"_links_to":"","_links_to_target":""},"products_category":[15],"class_list":["post-2560","product","type-product","status-publish","has-post-thumbnail","hentry","products_category-coffee-beverages"],"_links":{"self":[{"href":"https:\/\/www.parisbaguette.com.sg\/uat\/vietnams\/wp-json\/wp\/v2\/product\/2560","targetHints":{"allow":["GET"]}}],"collection":[{"href":"https:\/\/www.parisbaguette.com.sg\/uat\/vietnams\/wp-json\/wp\/v2\/product"}],"about":[{"href":"https:\/\/www.parisbaguette.com.sg\/uat\/vietnams\/wp-json\/wp\/v2\/types\/product"}],"wp:featuredmedia":[{"embeddable":true,"href":"https:\/\/www.parisbaguette.com.sg\/uat\/vietnams\/wp-json\/wp\/v2\/media\/3139"}],"wp:attachment":[{"href":"https:\/\/www.parisbaguette.com.sg\/uat\/vietnams\/wp-json\/wp\/v2\/media?parent=2560"}],"wp:term":[{"taxonomy":"products_category","embeddable":true,"href":"https:\/\/www.parisbaguette.com.sg\/uat\/vietnams\/wp-json\/wp\/v2\/products_category?post=2560"}],"curies":[{"name":"wp","href":"https:\/\/api.w.org\/{rel}","templated":true}]}}