{"id":2561,"date":"2022-07-14T02:39:06","date_gmt":"2022-07-14T02:39:06","guid":{"rendered":"https:\/\/www.parisbaguette.com.sg\/uat\/vietnams\/?post_type=product&#038;p=2561"},"modified":"2024-02-15T10:35:56","modified_gmt":"2024-02-15T10:35:56","slug":"cappuccino","status":"publish","type":"product","link":"https:\/\/www.parisbaguette.com.sg\/uat\/vietnams\/blog\/product\/cappuccino\/","title":{"rendered":"Hot Cappuccino"},"content":{"rendered":"<p>C\u00e0 ph\u00ea Cappuccino (N\u00f3ng)<\/p>\n","protected":false},"featured_media":3306,"template":"","meta":{"_links_to":"","_links_to_target":""},"products_category":[15],"class_list":["post-2561","product","type-product","status-publish","has-post-thumbnail","hentry","products_category-coffee-beverages"],"_links":{"self":[{"href":"https:\/\/www.parisbaguette.com.sg\/uat\/vietnams\/wp-json\/wp\/v2\/product\/2561","targetHints":{"allow":["GET"]}}],"collection":[{"href":"https:\/\/www.parisbaguette.com.sg\/uat\/vietnams\/wp-json\/wp\/v2\/product"}],"about":[{"href":"https:\/\/www.parisbaguette.com.sg\/uat\/vietnams\/wp-json\/wp\/v2\/types\/product"}],"wp:featuredmedia":[{"embeddable":true,"href":"https:\/\/www.parisbaguette.com.sg\/uat\/vietnams\/wp-json\/wp\/v2\/media\/3306"}],"wp:attachment":[{"href":"https:\/\/www.parisbaguette.com.sg\/uat\/vietnams\/wp-json\/wp\/v2\/media?parent=2561"}],"wp:term":[{"taxonomy":"products_category","embeddable":true,"href":"https:\/\/www.parisbaguette.com.sg\/uat\/vietnams\/wp-json\/wp\/v2\/products_category?post=2561"}],"curies":[{"name":"wp","href":"https:\/\/api.w.org\/{rel}","templated":true}]}}