{"id":2575,"date":"2022-07-14T03:38:28","date_gmt":"2022-07-14T03:38:28","guid":{"rendered":"https:\/\/www.parisbaguette.com.sg\/uat\/vietnams\/?post_type=product&#038;p=2575"},"modified":"2024-02-16T02:30:38","modified_gmt":"2024-02-16T02:30:38","slug":"orange-peach-tea","status":"publish","type":"product","link":"https:\/\/www.parisbaguette.com.sg\/uat\/vietnams\/blog\/product\/orange-peach-tea\/","title":{"rendered":"Orange Peach Tea"},"content":{"rendered":"<p>Tr\u00e0 \u0111\u00e0o cam s\u1ea3<\/p>\n","protected":false},"featured_media":3313,"template":"","meta":{"_links_to":"","_links_to_target":""},"products_category":[15],"class_list":["post-2575","product","type-product","status-publish","has-post-thumbnail","hentry","products_category-coffee-beverages"],"_links":{"self":[{"href":"https:\/\/www.parisbaguette.com.sg\/uat\/vietnams\/wp-json\/wp\/v2\/product\/2575","targetHints":{"allow":["GET"]}}],"collection":[{"href":"https:\/\/www.parisbaguette.com.sg\/uat\/vietnams\/wp-json\/wp\/v2\/product"}],"about":[{"href":"https:\/\/www.parisbaguette.com.sg\/uat\/vietnams\/wp-json\/wp\/v2\/types\/product"}],"wp:featuredmedia":[{"embeddable":true,"href":"https:\/\/www.parisbaguette.com.sg\/uat\/vietnams\/wp-json\/wp\/v2\/media\/3313"}],"wp:attachment":[{"href":"https:\/\/www.parisbaguette.com.sg\/uat\/vietnams\/wp-json\/wp\/v2\/media?parent=2575"}],"wp:term":[{"taxonomy":"products_category","embeddable":true,"href":"https:\/\/www.parisbaguette.com.sg\/uat\/vietnams\/wp-json\/wp\/v2\/products_category?post=2575"}],"curies":[{"name":"wp","href":"https:\/\/api.w.org\/{rel}","templated":true}]}}