{"id":2576,"date":"2022-07-14T03:39:09","date_gmt":"2022-07-14T03:39:09","guid":{"rendered":"https:\/\/www.parisbaguette.com.sg\/uat\/vietnams\/?post_type=product&#038;p=2576"},"modified":"2024-02-16T02:30:05","modified_gmt":"2024-02-16T02:30:05","slug":"tropical-fruit-tea","status":"publish","type":"product","link":"https:\/\/www.parisbaguette.com.sg\/uat\/vietnams\/blog\/product\/tropical-fruit-tea\/","title":{"rendered":"Tropical Fruit Tea"},"content":{"rendered":"<p>Tr\u00e0 tr\u00e1i c\u00e2y nhi\u1ec7t \u0111\u1edbi<\/p>\n","protected":false},"featured_media":3318,"template":"","meta":{"_links_to":"","_links_to_target":""},"products_category":[15],"class_list":["post-2576","product","type-product","status-publish","has-post-thumbnail","hentry","products_category-coffee-beverages"],"_links":{"self":[{"href":"https:\/\/www.parisbaguette.com.sg\/uat\/vietnams\/wp-json\/wp\/v2\/product\/2576","targetHints":{"allow":["GET"]}}],"collection":[{"href":"https:\/\/www.parisbaguette.com.sg\/uat\/vietnams\/wp-json\/wp\/v2\/product"}],"about":[{"href":"https:\/\/www.parisbaguette.com.sg\/uat\/vietnams\/wp-json\/wp\/v2\/types\/product"}],"wp:featuredmedia":[{"embeddable":true,"href":"https:\/\/www.parisbaguette.com.sg\/uat\/vietnams\/wp-json\/wp\/v2\/media\/3318"}],"wp:attachment":[{"href":"https:\/\/www.parisbaguette.com.sg\/uat\/vietnams\/wp-json\/wp\/v2\/media?parent=2576"}],"wp:term":[{"taxonomy":"products_category","embeddable":true,"href":"https:\/\/www.parisbaguette.com.sg\/uat\/vietnams\/wp-json\/wp\/v2\/products_category?post=2576"}],"curies":[{"name":"wp","href":"https:\/\/api.w.org\/{rel}","templated":true}]}}