{"id":2578,"date":"2022-07-14T03:40:46","date_gmt":"2022-07-14T03:40:46","guid":{"rendered":"https:\/\/www.parisbaguette.com.sg\/uat\/vietnams\/?post_type=product&#038;p=2578"},"modified":"2024-02-16T02:29:07","modified_gmt":"2024-02-16T02:29:07","slug":"tropical-mango-tea","status":"publish","type":"product","link":"https:\/\/www.parisbaguette.com.sg\/uat\/vietnams\/blog\/product\/tropical-mango-tea\/","title":{"rendered":"Tropical Mango Tea"},"content":{"rendered":"<p>Tr\u00e0 tr\u00e1i c\u00e2y v\u1ecb xo\u00e0i<\/p>\n","protected":false},"featured_media":3311,"template":"","meta":{"_links_to":"","_links_to_target":""},"products_category":[15],"class_list":["post-2578","product","type-product","status-publish","has-post-thumbnail","hentry","products_category-coffee-beverages"],"_links":{"self":[{"href":"https:\/\/www.parisbaguette.com.sg\/uat\/vietnams\/wp-json\/wp\/v2\/product\/2578","targetHints":{"allow":["GET"]}}],"collection":[{"href":"https:\/\/www.parisbaguette.com.sg\/uat\/vietnams\/wp-json\/wp\/v2\/product"}],"about":[{"href":"https:\/\/www.parisbaguette.com.sg\/uat\/vietnams\/wp-json\/wp\/v2\/types\/product"}],"wp:featuredmedia":[{"embeddable":true,"href":"https:\/\/www.parisbaguette.com.sg\/uat\/vietnams\/wp-json\/wp\/v2\/media\/3311"}],"wp:attachment":[{"href":"https:\/\/www.parisbaguette.com.sg\/uat\/vietnams\/wp-json\/wp\/v2\/media?parent=2578"}],"wp:term":[{"taxonomy":"products_category","embeddable":true,"href":"https:\/\/www.parisbaguette.com.sg\/uat\/vietnams\/wp-json\/wp\/v2\/products_category?post=2578"}],"curies":[{"name":"wp","href":"https:\/\/api.w.org\/{rel}","templated":true}]}}