{"id":2910,"date":"2023-02-10T03:18:01","date_gmt":"2023-02-10T03:18:01","guid":{"rendered":"https:\/\/www.parisbaguette.com.sg\/uat\/vietnams\/?post_type=product&#038;p=2910"},"modified":"2024-02-15T08:08:43","modified_gmt":"2024-02-15T08:08:43","slug":"walnut-rye-loaf-bread-6pcs","status":"publish","type":"product","link":"https:\/\/www.parisbaguette.com.sg\/uat\/vietnams\/blog\/product\/walnut-rye-loaf-bread-6pcs\/","title":{"rendered":"Walnut Rye Loaf Bread (6Pcs)"},"content":{"rendered":"<p>B\u00e1nh G\u1ed1i L\u00faa M\u1ea1ch V\u00e0 \u00d3c Ch\u00f3<\/p>\n","protected":false},"featured_media":3060,"template":"","meta":{"_links_to":"","_links_to_target":""},"products_category":[39],"class_list":["post-2910","product","type-product","status-publish","has-post-thumbnail","hentry","products_category-white-bread"],"_links":{"self":[{"href":"https:\/\/www.parisbaguette.com.sg\/uat\/vietnams\/wp-json\/wp\/v2\/product\/2910","targetHints":{"allow":["GET"]}}],"collection":[{"href":"https:\/\/www.parisbaguette.com.sg\/uat\/vietnams\/wp-json\/wp\/v2\/product"}],"about":[{"href":"https:\/\/www.parisbaguette.com.sg\/uat\/vietnams\/wp-json\/wp\/v2\/types\/product"}],"wp:featuredmedia":[{"embeddable":true,"href":"https:\/\/www.parisbaguette.com.sg\/uat\/vietnams\/wp-json\/wp\/v2\/media\/3060"}],"wp:attachment":[{"href":"https:\/\/www.parisbaguette.com.sg\/uat\/vietnams\/wp-json\/wp\/v2\/media?parent=2910"}],"wp:term":[{"taxonomy":"products_category","embeddable":true,"href":"https:\/\/www.parisbaguette.com.sg\/uat\/vietnams\/wp-json\/wp\/v2\/products_category?post=2910"}],"curies":[{"name":"wp","href":"https:\/\/api.w.org\/{rel}","templated":true}]}}