{"id":2920,"date":"2023-02-10T03:29:36","date_gmt":"2023-02-10T03:29:36","guid":{"rendered":"https:\/\/www.parisbaguette.com.sg\/uat\/vietnams\/?post_type=product&#038;p=2920"},"modified":"2024-02-15T07:09:16","modified_gmt":"2024-02-15T07:09:16","slug":"choco-ring-donut-2","status":"publish","type":"product","link":"https:\/\/www.parisbaguette.com.sg\/uat\/vietnams\/blog\/product\/choco-ring-donut-2\/","title":{"rendered":"Choco Ring Donut"},"content":{"rendered":"<p>B\u00e1nh Donut V\u00f2ng S\u00f4 C\u00f4 La<\/p>\n","protected":false},"featured_media":3101,"template":"","meta":{"_links_to":"","_links_to_target":""},"products_category":[12],"class_list":["post-2920","product","type-product","status-publish","has-post-thumbnail","hentry","products_category-bread-pastry"],"_links":{"self":[{"href":"https:\/\/www.parisbaguette.com.sg\/uat\/vietnams\/wp-json\/wp\/v2\/product\/2920","targetHints":{"allow":["GET"]}}],"collection":[{"href":"https:\/\/www.parisbaguette.com.sg\/uat\/vietnams\/wp-json\/wp\/v2\/product"}],"about":[{"href":"https:\/\/www.parisbaguette.com.sg\/uat\/vietnams\/wp-json\/wp\/v2\/types\/product"}],"wp:featuredmedia":[{"embeddable":true,"href":"https:\/\/www.parisbaguette.com.sg\/uat\/vietnams\/wp-json\/wp\/v2\/media\/3101"}],"wp:attachment":[{"href":"https:\/\/www.parisbaguette.com.sg\/uat\/vietnams\/wp-json\/wp\/v2\/media?parent=2920"}],"wp:term":[{"taxonomy":"products_category","embeddable":true,"href":"https:\/\/www.parisbaguette.com.sg\/uat\/vietnams\/wp-json\/wp\/v2\/products_category?post=2920"}],"curies":[{"name":"wp","href":"https:\/\/api.w.org\/{rel}","templated":true}]}}