{"id":3054,"date":"2024-01-31T07:14:56","date_gmt":"2024-01-31T07:14:56","guid":{"rendered":"https:\/\/www.parisbaguette.com.sg\/uat\/vietnams\/?post_type=product&#038;p=3054"},"modified":"2024-02-15T08:29:17","modified_gmt":"2024-02-15T08:29:17","slug":"strawberry-brownie-mousse-cake","status":"publish","type":"product","link":"https:\/\/www.parisbaguette.com.sg\/uat\/vietnams\/blog\/product\/strawberry-brownie-mousse-cake\/","title":{"rendered":"Strawberry Brownie Mousse Cake"},"content":{"rendered":"<p>B\u00e1nh Kem Mousse D\u00e2u T\u00e2y S\u00f4 C\u00f4 La<\/p>\n","protected":false},"featured_media":3069,"template":"","meta":{"_links_to":"","_links_to_target":""},"products_category":[14],"class_list":["post-3054","product","type-product","status-publish","has-post-thumbnail","hentry","products_category-cakes"],"_links":{"self":[{"href":"https:\/\/www.parisbaguette.com.sg\/uat\/vietnams\/wp-json\/wp\/v2\/product\/3054","targetHints":{"allow":["GET"]}}],"collection":[{"href":"https:\/\/www.parisbaguette.com.sg\/uat\/vietnams\/wp-json\/wp\/v2\/product"}],"about":[{"href":"https:\/\/www.parisbaguette.com.sg\/uat\/vietnams\/wp-json\/wp\/v2\/types\/product"}],"wp:featuredmedia":[{"embeddable":true,"href":"https:\/\/www.parisbaguette.com.sg\/uat\/vietnams\/wp-json\/wp\/v2\/media\/3069"}],"wp:attachment":[{"href":"https:\/\/www.parisbaguette.com.sg\/uat\/vietnams\/wp-json\/wp\/v2\/media?parent=3054"}],"wp:term":[{"taxonomy":"products_category","embeddable":true,"href":"https:\/\/www.parisbaguette.com.sg\/uat\/vietnams\/wp-json\/wp\/v2\/products_category?post=3054"}],"curies":[{"name":"wp","href":"https:\/\/api.w.org\/{rel}","templated":true}]}}