{"id":709,"date":"2021-11-08T06:13:31","date_gmt":"2021-11-08T06:13:31","guid":{"rendered":"https:\/\/www.parisbaguette.com.sg\/uat\/vietnams\/?post_type=product&#038;p=709"},"modified":"2024-02-15T08:01:57","modified_gmt":"2024-02-15T08:01:57","slug":"brioche-bread","status":"publish","type":"product","link":"https:\/\/www.parisbaguette.com.sg\/uat\/vietnams\/blog\/product\/brioche-bread\/","title":{"rendered":"Brioche Bread"},"content":{"rendered":"<p>B\u00e1nh M\u00ec Hoa C\u00fac<\/p>\n","protected":false},"featured_media":3099,"template":"","meta":{"_links_to":"","_links_to_target":""},"products_category":[12],"class_list":["post-709","product","type-product","status-publish","has-post-thumbnail","hentry","products_category-bread-pastry"],"_links":{"self":[{"href":"https:\/\/www.parisbaguette.com.sg\/uat\/vietnams\/wp-json\/wp\/v2\/product\/709","targetHints":{"allow":["GET"]}}],"collection":[{"href":"https:\/\/www.parisbaguette.com.sg\/uat\/vietnams\/wp-json\/wp\/v2\/product"}],"about":[{"href":"https:\/\/www.parisbaguette.com.sg\/uat\/vietnams\/wp-json\/wp\/v2\/types\/product"}],"wp:featuredmedia":[{"embeddable":true,"href":"https:\/\/www.parisbaguette.com.sg\/uat\/vietnams\/wp-json\/wp\/v2\/media\/3099"}],"wp:attachment":[{"href":"https:\/\/www.parisbaguette.com.sg\/uat\/vietnams\/wp-json\/wp\/v2\/media?parent=709"}],"wp:term":[{"taxonomy":"products_category","embeddable":true,"href":"https:\/\/www.parisbaguette.com.sg\/uat\/vietnams\/wp-json\/wp\/v2\/products_category?post=709"}],"curies":[{"name":"wp","href":"https:\/\/api.w.org\/{rel}","templated":true}]}}